{"id":16,"date":"2021-01-22T14:28:15","date_gmt":"2021-01-22T13:28:15","guid":{"rendered":"http:\/\/wlplegal.pl\/?page_id=16"},"modified":"2025-12-09T11:28:04","modified_gmt":"2025-12-09T10:28:04","slug":"zespol","status":"publish","type":"page","link":"https:\/\/wlplegal.pl\/index.php\/zespol\/","title":{"rendered":"Zesp\u00f3\u0142"},"content":{"rendered":"<p>[vc_row css_animation=&#8221;fadeIn&#8221;][vc_column width=&#8221;1\/3&#8243; css=&#8221;.vc_custom_1612045010915{margin-bottom: 0px !important;padding-right: 50px !important;padding-left: 50px !important;}&#8221;][vc_single_image image=&#8221;2338&#8243; img_size=&#8221;full&#8221; ct_image_align_md=&#8221;image_align_sm_center&#8221; ct_image_align=&#8221;image_align_xs_center&#8221; css=&#8221;.vc_custom_1612272605757{margin-right: 20px !important;margin-left: 20px !important;padding-right: 15px !important;padding-left: 15px !important;}&#8221;][\/vc_column][vc_column width=&#8221;2\/3&#8243;][ct_heading text=&#8221;Krzysztof Andrzej W\u0105sowski&#8221; font_weight=&#8221;&#8221; subtitle=&#8221;Wsp\u00f3lnik, Adwokat&#8221; description_font_weight=&#8221;inherit&#8221;][ct_contact_info content_type=&#8221;email&#8221; icon_fontawesome=&#8221;fas fa-envelope&#8221; content_info=&#8221;krzysztof.wasowski@wlplegal.pl&#8221;][vc_column_text]Najstarszy w zespole. Doktor nauk prawnych. Adiunkt w Instytucie Wymiaru Sprawiedliwo\u015bci. Jednocze\u015bnie pracownik naukowy w Akademickim Centrum Polityki Cyberbezpiecze\u0144stwa w Akademii. Absolwent Wydzia\u0142u Prawa i Administracji Uniwersytetu Warszawskiego oraz Top Public Executive na IESE Business School w Barcelonie. Legitymuje si\u0119 tytu\u0142em \u201eTrener Roku\u201d dzia\u0142u szkoleniowego Wolters Kluwer Polska. Wiceprzewodnicz\u0105cy Rady Krajowej Szko\u0142y Administracji Publicznej. Od wielu lat specjalizuje si\u0119 w prowadzeniu negocjacji i post\u0119powa\u0144 mi\u0119dzy biznesem a administracj\u0105 publiczn\u0105. By\u0142y konsultant naukowy w Trybunale Konstytucyjnym. By\u0142y Cz\u0142onek S\u0105du Arbitra\u017cowego przy Komisji Nadzoru Finansowego. Cz\u0142onek wielu towarzystw naukowych.[\/vc_column_text][\/vc_column][vc_column][vc_separator][\/vc_column][\/vc_row][vc_row css_animation=&#8221;fadeIn&#8221;][vc_column width=&#8221;1\/3&#8243;][vc_single_image image=&#8221;2369&#8243; img_size=&#8221;full&#8221; alignment=&#8221;center&#8221; ct_image_align_md=&#8221;image_align_sm_center&#8221; ct_image_align=&#8221;image_align_xs_center&#8221; css=&#8221;.vc_custom_1612272618453{margin-right: 50px !important;margin-left: 50px !important;padding-right: 20px !important;padding-left: 20px !important;}&#8221;][\/vc_column][vc_column width=&#8221;2\/3&#8243;][ct_heading text=&#8221;Karolina Lorenc-Pawlak&#8221; font_weight=&#8221;&#8221; subtitle=&#8221;Wsp\u00f3lnik, Adwokat&#8221; description_font_weight=&#8221;inherit&#8221;][ct_contact_info content_type=&#8221;email&#8221; icon_fontawesome=&#8221;fas fa-envelope&#8221; content_info=&#8221;karolina.pawlak@wlplegal.pl&#8221;][vc_column_text]<\/p>\n<p id=\"podgorska\">Adwokat z poka\u017anym do\u015bwiadczeniem. Dumna absolwentka Wydzia\u0142u Prawa i Administracji Wy\u017cszej Szko\u0142y Handlu i Prawa im. R. \u0141azarskiego oraz Podyplomowych Studi\u00f3w Prawa i Ekonomii Rynk\u00f3w Kapita\u0142owych Szko\u0142y G\u0142\u00f3wnej Handlowej w Warszawie. Niezwykle anga\u017cuj\u0105ca si\u0119 w perfekcyjne zrealizowanie ka\u017cdego zadania (im trudniej \u2013 tym lepiej). Uznany praktyk w zakresie polskiego i unijnego prawa ochrony konkurencji oraz prawa rynk\u00f3w finansowych. Legitymuje si\u0119 bogatym dorobkiem w prowadzeniu post\u0119powa\u0144 i proces\u00f3w w zakresie szeroko poj\u0119tego prawa gospodarczego. Przygotowywane przez ni\u0105 opinie i analizy budz\u0105 respekt i skupiaj\u0105 uwag\u0119.<\/p>\n<p>[\/vc_column_text][\/vc_column][vc_column][vc_separator][\/vc_column][\/vc_row][vc_row css_animation=&#8221;fadeIn&#8221;][vc_column][vc_separator][\/vc_column][\/vc_row][vc_row css_animation=&#8221;fadeIn&#8221;][vc_column width=&#8221;1\/3&#8243;][vc_single_image image=&#8221;2284&#8243; img_size=&#8221;full&#8221; alignment=&#8221;center&#8221; ct_image_align_md=&#8221;image_align_sm_center&#8221; ct_image_align=&#8221;image_align_xs_center&#8221; css=&#8221;.vc_custom_1612272634375{margin-right: 50px !important;margin-left: 50px !important;padding-right: 20px !important;padding-left: 20px !important;}&#8221;][\/vc_column][vc_column width=&#8221;2\/3&#8243;][ct_heading text=&#8221;Paulina Kapler&#8221; font_weight=&#8221;&#8221; subtitle=&#8221;Wsp\u00f3lnik, Radca prawny&#8221; description_font_weight=&#8221;inherit&#8221;][ct_contact_info content_type=&#8221;email&#8221; icon_fontawesome=&#8221;fas fa-envelope&#8221; content_info=&#8221;paulina.kapler@wlplegal.pl&#8221;][vc_column_text]<!-- \/wp:post-content --><\/p>\n<p id=\"ficek\">Absolwentka Wydzia\u0142u Prawa i Administracji oraz Podyplomowego Studium Prawa Europejskiego Uniwersytetu Warszawskiego. Wybitna specjalistka z zakresu prawa zam\u00f3wie\u0144 publicznych. Posiada rozleg\u0142e i unikalne do\u015bwiadczenie w doradzaniu przedsi\u0119biorcom, agencjom rz\u0105dowym oraz jednostkom sfery bud\u017cetowej w zakresie finalizowania przetarg\u00f3w i skutecznego realizowania zawieranych w ich wyniku um\u00f3w. Niezwykle rzetelna i dok\u0142adna. Tak\u017ce doradza strategicznie w zakresie integracji podmiot\u00f3w gospodarczych. Opiniuje m.in. w zakresie prawnej dopuszczalno\u015bci realizacji modeli prowadzenia dzia\u0142alno\u015bci i za\u0142o\u017ce\u0144 funkcjonowania modeli biznesowych. Centra Us\u0142ug Wsp\u00f3lnych dzia\u0142aj\u0105ce w grupach kapita\u0142owych nie maj\u0105 przed ni\u0105 tajemnic. Bra\u0142a aktywny udzia\u0142 przy tworzeniu projektu ustawy o wa\u017cnych wydarzeniach sportowych.<\/p>\n<p>[\/vc_column_text][\/vc_column][\/vc_row][vc_row css_animation=&#8221;fadeIn&#8221;][vc_column][vc_separator][\/vc_column][\/vc_row][vc_row css_animation=&#8221;fadeIn&#8221;][vc_column][vc_separator][\/vc_column][\/vc_row][vc_row content_placement=&#8221;middle&#8221; css_animation=&#8221;fadeIn&#8221;][vc_column css_animation=&#8221;fadeIn&#8221;][ct_heading text=&#8221;Of <cite>Counsel<\/cite>&#8221; tag=&#8221;h1&#8243; align_lg=&#8221;align-center&#8221; font_weight=&#8221;&#8221; subtitle=&#8221;Eksperci&#8221; description_font_weight=&#8221;inherit&#8221;][\/vc_column][\/vc_row][vc_row css_animation=&#8221;fadeIn&#8221;][vc_column][vc_separator][\/vc_column][\/vc_row][vc_row css_animation=&#8221;fadeIn&#8221;][vc_column][ct_heading text=&#8221;Agata Kosieradzka-Federczyk&#8221; font_weight=&#8221;&#8221; subtitle=&#8221;Ekspert&#8221; description_font_weight=&#8221;inherit&#8221;][ct_contact_info content_type=&#8221;email&#8221; icon_fontawesome=&#8221;fas fa-envelope&#8221; content_info=&#8221;agata.federczyk@wlplegal.pl&#8221;][vc_column_text css_animation=&#8221;none&#8221;]<!-- \/wp:paragraph --><\/p>\n<p>Doktor nauk prawnych. Radca prawny. Absolwentka Wydzia\u0142u Prawa i Administracji Uniwersytetu Kardyna\u0142a Stefana Wyszy\u0144skiego. Cz\u0142onek Warszawskiego Seminarium Aksjologii Administracji. By\u0142a ekspertem w biurze Trybuna\u0142u Konstytucyjnego. Adiunkt w Instytucie Nauk Prawnych UKSW, zajmuje si\u0119 zagadnieniami prawa publicznego, z \u00a0szczeg\u00f3lnym naciskiem na prawo ochrony \u015brodowiska. Jej szczeg\u00f3\u0142owe zainteresowania naukowe koncentruj\u0105 si\u0119 na mi\u0119dzynarodowym prawie ochrony \u015brodowiska oraz ocenach oddzia\u0142ywania na \u015brodowisko. Autorka licznych monografii, komentarzy, artyku\u0142\u00f3w naukowych oraz poradnik\u00f3w z zakresu prawa i post\u0119powania administracyjnego, w tym prawa ochrony \u015brodowiska. Obdarzona szczeg\u00f3lnie wnikliwym spojrzeniem na zagadnienia \u015brodowiska naturalnego w normach prawnych.[\/vc_column_text][vc_separator][\/vc_column][\/vc_row][vc_row css_animation=&#8221;fadeIn&#8221;][vc_column][ct_heading text=&#8221;ks. Krzysztof Kie\u0142pi\u0144ski&#8221; font_weight=&#8221;&#8221; subtitle=&#8221;Ekspert&#8221; description_font_weight=&#8221;inherit&#8221;][ct_contact_info content_type=&#8221;email&#8221; icon_fontawesome=&#8221;fas fa-envelope&#8221; content_info=&#8221;krzysztof.kielpinski@wlplegal.pl&#8221;][vc_row_inner][vc_column_inner][vc_column_text]<!-- \/wp:paragraph --><\/p>\n<p>Absolwent Wydzia\u0142u Teologicznego Uniwersytetu Miko\u0142aja Kopernika w Toruniu oraz Wydzia\u0142u Prawa Kanonicznego Uniwersytetu Kardyna\u0142a Stefana Wyszy\u0144skiego w Warszawie. Specjalizuje si\u0119 w kanonicznym prawie ma\u0142\u017ce\u0144skim, kanonicznym prawie karnym oraz prawie sakramentalnym Ko\u015bcio\u0142a Katolickiego. Jego pasj\u0105 s\u0105 tak\u017ce sprawy z zakresu prawa kanonizacyjnego (niestety poza ofert\u0105 kancelarii). Autor licznych publikacji o charakterze naukowym i eksperckim nie tylko z prawa kanonicznego. Niezwykle cierpliwy i empatyczny. S\u0142uchaj\u0105cy w spos\u00f3b aktywny i towarzysz\u0105cy, a jednocze\u015bnie wyj\u0105tkowo dyskretny. Potrafi\u0105cy znale\u017a\u0107 rozwi\u0105zanie (i to niejedno) spraw wydaj\u0105cych si\u0119 nie do rozwi\u0105zania.[\/vc_column_text][vc_separator][\/vc_column_inner][\/vc_row_inner][\/vc_column][\/vc_row][vc_row css_animation=&#8221;fadeIn&#8221;][vc_column][ct_heading text=&#8221;Emilia Lucyna Chojnowska-Tudruj&#8221; font_weight=&#8221;&#8221; subtitle=&#8221;Ekspert&#8221; description_font_weight=&#8221;inherit&#8221;][ct_contact_info content_type=&#8221;email&#8221; icon_fontawesome=&#8221;fas fa-envelope&#8221; content_info=&#8221;emilia.tudruj@wlplegal.pl&#8221;][vc_column_text]<!-- \/wp:paragraph --><\/p>\n<p>Adwokat ko\u015bcielny zatwierdzony przy S\u0105dzie Metropolitalnym Warszawskim. Pe\u0142ni funkcj\u0119 pe\u0142nomocnika i adwokata stron w procesach o stwierdzenie niewa\u017cno\u015bci ma\u0142\u017ce\u0144stw sakramentalnych. Jednocze\u015bnie jest cz\u0142onkiem Okr\u0119gowej Rady Adwokackiej w Warszawie. Jeden z najwybitniejszych praktyk\u00f3w w dziedzinie post\u0119powa\u0144 kanonicznych. Ca\u0142ym sercem i umys\u0142em anga\u017cuje si\u0119 w prowadzone post\u0119powania. Nieust\u0119pliwa a jednocze\u015bnie niezwykle taktowna. Bardzo wra\u017cliwa na szczeg\u00f3\u0142y ka\u017cdej sprawy, jednocze\u015bnie nie trac\u0105ca z oczu obrazu ca\u0142o\u015bci.[\/vc_column_text][vc_separator][\/vc_column][\/vc_row][vc_row css_animation=&#8221;fadeIn&#8221;][vc_column][ct_heading text=&#8221;Bart\u0142omiej Janyga&#8221; font_weight=&#8221;&#8221; subtitle=&#8221;Ekspert&#8221; description_font_weight=&#8221;inherit&#8221;][ct_contact_info content_type=&#8221;email&#8221; icon_fontawesome=&#8221;fas fa-envelope&#8221; content_info=&#8221;janyga@janyga.pl&#8221;][vc_column_text]<!-- \/wp:paragraph --><\/p>\n<p>Absolwent Wydzia\u0142u Prawa i Administracji Uniwersytetu Adama Mickiewicza w Poznaniu oraz studi\u00f3w podyplomowych w zakresie prawa por\u00f3wnawczego na Uniwersytecie im. Fryderyka &#8211; Wilhelma w Bonn. Radca prawny z niezwykle bogatym do\u015bwiadczeniem zar\u00f3wno w mi\u0119dzynarodowych firmach prawniczych jak i \u015bwiatowych gigantach ubezpieczeniowych. Obecnie z ogromnym sukcesem kieruje w\u0142asn\u0105 kancelari\u0105 prawnicz\u0105 wyspecjalizowan\u0105 w prowadzeniu masowych proces\u00f3w dla firm ubezpieczeniowych. Wybitny ekspert z zakresu prawa ubezpiecze\u0144 oraz prawa medycznego. Jest autorem wzorcowych na polskim rynku rozwi\u0105za\u0144 w zakresie warunk\u00f3w ubezpieczenia ochrony prawnej, grupowych um\u00f3w ubezpieczenia oraz system\u00f3w sprzeda\u017cy tego produktu dla podmiot\u00f3w z bran\u017cy finansowej oraz artyku\u0142\u00f3w i komentarzy z zakresu ubezpieczenia ochrony prawnej. Prowadzi wyk\u0142ady i szkolenia na temat prawa medycznego i ubezpieczeniowego.[\/vc_column_text][vc_separator][\/vc_column][\/vc_row][vc_row css_animation=&#8221;fadeIn&#8221;][vc_column][ct_heading text=&#8221;Patrycja Antoniak \u2013 T\u0119skna&#8221; font_weight=&#8221;&#8221; subtitle=&#8221;Ekspert&#8221; description_font_weight=&#8221;inherit&#8221;][ct_contact_info content_type=&#8221;email&#8221; icon_fontawesome=&#8221;fas fa-envelope&#8221; content_info=&#8221;pja@patrycjaantoniak.com&#8221;][\/vc_column][vc_column][vc_column_text]<!-- \/wp:paragraph --><\/p>\n<p>Doktor nauk prawnych. Adwokat. Absolwentka Wydzia\u0142u Prawa i Administracji Uniwersytetu Warszawskiego. Mediator i certyfikowany Coach (Business Coaching Diploma). Znakomita specjalistka z zakresu prawa budowlanego (ze szczeg\u00f3lnym uwzgl\u0119dnieniem zagadnie\u0144 w\u0142asno\u015bci intelektualnej w procesie inwestycyjno-budowlanym). Od wielu lat z sukcesami wspiera inwestor\u00f3w, deweloper\u00f3w, biura in\u017cynierskie i pracownie architektoniczne w przygotowaniu i realizacji inwestycji budowlanych. M\u00f3wi\u0105, \u017ce jest niezast\u0105piona. Niezwykle skromna i pracowita. Doskonale poruszaj\u0105ca si\u0119 w aspektach mi\u0119dzynarodowych zagadnie\u0144, w kt\u00f3rych si\u0119 specjalizuje. Autorka poka\u017anej liczby publikacji.[\/vc_column_text][vc_separator][\/vc_column][\/vc_row][vc_row css_animation=&#8221;fadeIn&#8221;][vc_column][ct_heading text=&#8221;Dariusz Sk\u0142odowski&#8221; font_weight=&#8221;&#8221; subtitle=&#8221;Ekspert&#8221; description_font_weight=&#8221;inherit&#8221;][ct_contact_info content_type=&#8221;email&#8221; icon_fontawesome=&#8221;fas fa-envelope&#8221; content_info=&#8221;dariusz.sklodowski@sklodowscy.pl&#8221;][vc_column_text css_animation=&#8221;none&#8221;]<!-- \/wp:paragraph --><\/p>\n<p>Wyr\u00f3\u017cniony absolwent prawa na Uniwersytecie Kardyna\u0142a Stefana Wyszy\u0144skiego w Warszawie. Doradca podatkowy (wpisany pod numerem 01530). Od prawie trzydziestu lat zwi\u0105zany z bran\u017c\u0105 finansow\u0105. Posiada certyfikat Ministra Finans\u00f3w na us\u0142ugowe prowadzenie ksi\u0105g rachunkowych. Wybitny specjalista z zakresu podatk\u00f3w, ale i z rachunkowo\u015bci. Zajmuje si\u0119 szeroko poj\u0119t\u0105 tematyk\u0105 rachunkowo\u015bci i prawa podatkowego, posiada rozleg\u0142\u0105 wiedz\u0119 w zakresie podatku dochodowego od os\u00f3b fizycznych, os\u00f3b prawnych i VAT. Specjalizuje si\u0119 w doradztwie zwi\u0105zanym z restrukturyzacj\u0105 przedsi\u0119biorstw. Niezwykle precyzyjny i dok\u0142adny. Potrafi\u0105cy znajdowa\u0107 rozwi\u0105zania najbardziej z\u0142o\u017conych problem\u00f3w \u2013 bez uprzedniego ich prowokowania.[\/vc_column_text][vc_separator][\/vc_column][\/vc_row][vc_row css_animation=&#8221;fadeIn&#8221;][vc_column][ct_heading text=&#8221;Piotr Ko\u015bcia\u0144czuk&#8221; font_weight=&#8221;&#8221; subtitle=&#8221;Ekspert&#8221; description_font_weight=&#8221;inherit&#8221;][ct_contact_info content_type=&#8221;email&#8221; icon_fontawesome=&#8221;fas fa-envelope&#8221; content_info=&#8221;piotr.koscianczuk@sklodowscy.pl&#8221;][vc_column_text]<!-- \/wp:paragraph --><\/p>\n<p>Wyr\u00f3\u017cniony absolwent Prawa na Uniwersytecie Kardyna\u0142a Stefana Wyszy\u0144skiego w Warszawie, a tak\u017ce absolwent Politechniki Warszawskiej, gdzie aktualnie wyk\u0142ada na wydziale In\u017cynierii Produkcji. Uko\u0144czy\u0142 studia MBA na Francuskim Instytucie Zarz\u0105dzania. Doradca podatkowy z rozleg\u0142ym do\u015bwiadczeniem i wszechstronnymi kompetencjami. Zajmuje si\u0119 szeroko poj\u0119t\u0105 tematyk\u0105 rachunkowo\u015bci i prawa podatkowego. Specjalizuje si\u0119 w zagadnieniach zwi\u0105zanych z podatkiem od towar\u00f3w i us\u0142ug oraz post\u0119powaniami podatkowymi. Jako G\u0142\u00f3wny Ksi\u0119gowy odpowiedzialny jest za wdro\u017cenie polityki rachunkowo\u015bci i zasad wycen u Klient\u00f3w ze szczeg\u00f3lnym uwzgl\u0119dnieniem firm produkcyjnych. Nieoceniony przy z\u0142o\u017conych i trudnych projektach.[\/vc_column_text][vc_separator][\/vc_column][\/vc_row][vc_row css_animation=&#8221;fadeIn&#8221;][vc_column][ct_heading text=&#8221;Justyna Ku\u015b&#8221; font_weight=&#8221;&#8221; subtitle=&#8221;Ekspert&#8221; description_font_weight=&#8221;inherit&#8221;][ct_contact_info content_type=&#8221;email&#8221; icon_fontawesome=&#8221;fas fa-envelope&#8221; content_info=&#8221;justyna.kus@honestus.pl&#8221;][vc_column_text]<!-- \/wp:paragraph --><\/p>\n<p>Radca prawny. Wyr\u00f3\u017cniona absolwentka Wydzia\u0142u Prawa i Administracji Uniwersytetu Jagiello\u0144skiego w Krakowie, a tak\u017ce studi\u00f3w podyplomowych w zakresie Prawa Zam\u00f3wie\u0144 Publicznych na Uniwersytecie Warszawskim oraz Studium dla Doradc\u00f3w Podatkowych przy Instytucie Studi\u00f3w Podatkowych Modzelewski i Wsp\u00f3lnicy. Niezwykle ceniony ekspert z zakresu prawa gospodarczego i podatkowego. Wszechstronna i niebywale dok\u0142adna. Jej wiedza jest niezb\u0119dna przy prowadzeniu du\u017cych i skomplikowanych gospodarczych z elementem publicznoprawnym w tle.[\/vc_column_text][vc_separator][\/vc_column][\/vc_row][vc_row css_animation=&#8221;fadeIn&#8221;][vc_column][ct_heading text=&#8221;Sonia Lubecka&#8221; font_weight=&#8221;&#8221; subtitle=&#8221;Ekspert&#8221; description_font_weight=&#8221;inherit&#8221;][ct_contact_info content_type=&#8221;email&#8221; icon_fontawesome=&#8221;fas fa-envelope&#8221; content_info=&#8221;kontakt@sosfinance.pl&#8221;][vc_column_text]<!-- \/wp:paragraph --><\/p>\n<p>Absolwentka Wydzia\u0142u Prawa i Administracji Katolickiego Uniwersytetu Lubelskiego im. Jana Paw\u0142a II\u00a0w Lublinie na kierunku prawo i ekonomia oraz Szko\u0142y G\u0142\u00f3wnej Handlowej w Warszawie na kierunku windykacja nale\u017cno\u015bci. Odby\u0142a aplikacj\u0119 komornicz\u0105 w Izbie Komorniczej w Warszawie, uzyskuj\u0105c uprawnienia zawodowe. Do\u015bwiadczenie zawodowe zdobywa\u0142a w uznanych kancelariach komorniczych w kraju. Specjalistka z zakresu windykacji oraz egzekucji s\u0105dowej, w tym zw\u0142aszcza z \u00a0zakresu egzekucji z nieruchomo\u015bci oraz sprawach o znacznym stopniu skomplikowania. Posiada do\u015bwiadczenie w opracowywaniu i wdra\u017caniu strategii windykacyjnych. Trener z zakresu egzekucji dla najwi\u0119kszych podmiot\u00f3w bran\u017cy windykacyjnej w Polsce.[\/vc_column_text][vc_separator][\/vc_column][\/vc_row]<\/p>\n<!-- \/wp:freeform -->","protected":false},"excerpt":{"rendered":"<p>[vc_row css_animation=&#8221;fadeIn&#8221;][vc_column width=&#8221;1\/3&#8243; css=&#8221;.vc_custom_1612045010915{margin-bottom: 0px !important;padding-right: 50px !important;padding-left: 50px !important;}&#8221;][vc_single_image image=&#8221;2338&#8243; img_size=&#8221;full&#8221; ct_image_align_md=&#8221;image_align_sm_center&#8221; ct_image_align=&#8221;image_align_xs_center&#8221; css=&#8221;.vc_custom_1612272605757{margin-right: 20px !important;margin-left: 20px !important;padding-right: 15px !important;padding-left: 15px !important;}&#8221;][\/vc_column][vc_column width=&#8221;2\/3&#8243;][ct_heading text=&#8221;Krzysztof Andrzej W\u0105sowski&#8221; font_weight=&#8221;&#8221; subtitle=&#8221;Wsp\u00f3lnik, Adwokat&#8221; description_font_weight=&#8221;inherit&#8221;][ct_contact_info content_type=&#8221;email&#8221; icon_fontawesome=&#8221;fas fa-envelope&#8221; content_info=&#8221;krzysztof.wasowski@wlplegal.pl&#8221;][vc_column_text]Najstarszy w zespole. Doktor nauk prawnych. Adiunkt w Instytucie Wymiaru Sprawiedliwo\u015bci. Jednocze\u015bnie pracownik naukowy w Akademickim Centrum Polityki Cyberbezpiecze\u0144stwa w Akademii. [&hellip;]<\/p>\n","protected":false},"author":1,"featured_media":0,"parent":0,"menu_order":0,"comment_status":"closed","ping_status":"closed","template":"","meta":{"footnotes":""},"class_list":["post-16","page","type-page","status-publish","hentry"],"_links":{"self":[{"href":"https:\/\/wlplegal.pl\/index.php\/wp-json\/wp\/v2\/pages\/16","targetHints":{"allow":["GET"]}}],"collection":[{"href":"https:\/\/wlplegal.pl\/index.php\/wp-json\/wp\/v2\/pages"}],"about":[{"href":"https:\/\/wlplegal.pl\/index.php\/wp-json\/wp\/v2\/types\/page"}],"author":[{"embeddable":true,"href":"https:\/\/wlplegal.pl\/index.php\/wp-json\/wp\/v2\/users\/1"}],"replies":[{"embeddable":true,"href":"https:\/\/wlplegal.pl\/index.php\/wp-json\/wp\/v2\/comments?post=16"}],"version-history":[{"count":116,"href":"https:\/\/wlplegal.pl\/index.php\/wp-json\/wp\/v2\/pages\/16\/revisions"}],"predecessor-version":[{"id":2637,"href":"https:\/\/wlplegal.pl\/index.php\/wp-json\/wp\/v2\/pages\/16\/revisions\/2637"}],"wp:attachment":[{"href":"https:\/\/wlplegal.pl\/index.php\/wp-json\/wp\/v2\/media?parent=16"}],"curies":[{"name":"wp","href":"https:\/\/api.w.org\/{rel}","templated":true}]}}