{"id":19,"date":"2021-01-22T14:29:53","date_gmt":"2021-01-22T13:29:53","guid":{"rendered":"http:\/\/wlplegal.pl\/?page_id=19"},"modified":"2024-05-28T11:55:01","modified_gmt":"2024-05-28T09:55:01","slug":"specjalizacje","status":"publish","type":"page","link":"https:\/\/wlplegal.pl\/index.php\/specjalizacje\/","title":{"rendered":"Specjalizacje"},"content":{"rendered":"<p>[vc_row css_animation=&#8221;fadeIn&#8221;][vc_column width=&#8221;1\/3&#8243;][ct_heading text=&#8221;Kontrakty i prawo <cite>cywilne<\/cite>&#8221; font_weight=&#8221;&#8221; description_font_weight=&#8221;inherit&#8221;][vc_column_text]Specjalizujemy si\u0119 w konstruowaniu i interpretowaniu najbardziej z\u0142o\u017conych, mi\u0119dzyga\u0142\u0119ziowych um\u00f3w dwu i wielostronnych. Prawnicy naszej kancelarii posiadaj\u0105 bogate do\u015bwiadczenie w negocjowaniu poszczeg\u00f3lnych klauzul kontraktowych jak i ich \u201eneutralizowaniu\u201d w konkretnych sytuacjach gospodarczych. Z naszych us\u0142ug w tym zakresie skorzysta\u0142o wiele podmiot\u00f3w w tym takie jak: KGHM Polska Mied\u017a S.A., Polska Grupa Zbrojeniowa S.A., Efekt Sp. z o.o., Provident Polska S.A., JUUL Labs Inc., JD Sp. z o.o., KRD BIG S.A.<\/p>\n<p>[\/vc_column_text][\/vc_column][vc_column width=&#8221;1\/3&#8243;][ct_heading text=&#8221;Kontrole <cite>administracyjne<\/cite>&#8221; font_weight=&#8221;&#8221; description_font_weight=&#8221;inherit&#8221;][vc_column_text]\u015awiadczymy kompleksow\u0105 obs\u0142ug\u0119 prawn\u0105 podczas kontroli administracyjnych skierowanych zar\u00f3wno wobec przedsi\u0119biorc\u00f3w jak i organ\u00f3w administracji publicznej. Specjalizujemy si\u0119 w kontrolach prowadzonych przez Najwy\u017csz\u0105 Izb\u0119 Kontroli (gdzie nasi prawnicy doradzali zar\u00f3wno po stronie kontroluj\u0105cych jak i kontrolowanych). Reprezentujemy klient\u00f3w tak\u017ce w post\u0119powaniach kontrolnych prowadzonych przez organy regulacyjne (KNF, Prezes UOKiK, UKE, URE, UTK, Krajowa Rada Radiofonii i Telewizji). Nie stronimy r\u00f3wnie\u017c od post\u0119powa\u0144 kontrolnych prowadzonych przez organy Krajowej Administracji Skarbowej.[\/vc_column_text][\/vc_column][vc_column width=&#8221;1\/3&#8243;][ct_heading text=&#8221;Negocjacje i <cite>transakcje<\/cite>&#8221; font_weight=&#8221;&#8221; description_font_weight=&#8221;inherit&#8221;][vc_column_text]\u015awiadczymy us\u0142ugi w obs\u0142udze prawnej ca\u0142ego procesu transakcji fuzji i przej\u0119\u0107 (M&amp;A) oraz wszelkich rodzaj\u00f3w transakcji inwestorskich, joint \u2013 venture oraz b\u0119d\u0105cych w swych skutkach koncentracj\u0105 przedsi\u0119biorc\u00f3w. Bierzemy udzia\u0142 tak\u017ce w negocjacjach i pomagamy na etapie tworzenia strategii i taktyk negocjacyjnych. Nasi prawnicy szczyc\u0105 si\u0119 udzia\u0142em w wielu takich projektach m.in. doradzaj\u0105c takim podmiotom jak: Agencja Rozwoju Przemys\u0142u S.A. i sp\u00f3\u0142ki z grupy ARP, KGHM Polska Mied\u017a S.A., Polska Grupa Zbrojeniowa S.A., PGE Polska Grupa Energetyczna S.A.[\/vc_column_text][\/vc_column][vc_column][vc_separator][\/vc_column][\/vc_row][vc_row css_animation=&#8221;fadeIn&#8221;][vc_column width=&#8221;1\/3&#8243;][ct_heading text=&#8221;Audyty prawne <cite>sp\u00f3\u0142ek<\/cite>&#8221; font_weight=&#8221;&#8221; description_font_weight=&#8221;inherit&#8221;][vc_column_text]<!-- \/wp:post-content -->&nbsp;<\/p>\n<p><!-- wp:paragraph -->\u015awiadczymy kompleksow\u0105 us\u0142ug\u0119 prawnicz\u0105 maj\u0105c\u0105 na celu holistyczn\u0105 analiz\u0119 sp\u00f3\u0142ek zar\u00f3wno prywatnych jak i publicznych, w tym nabywania aktyw\u00f3w sp\u00f3\u0142ek oraz ca\u0142ych przedsi\u0119biorstw, r\u00f3wnie\u017c w zakresie bada\u0144 <em>due diligence<\/em> przeprowadzanych w ramach procesu transakcyjnego. Prawnicy naszej kancelarii brali udzia\u0142 w kluczowych projektach z tego obszaru jak np.: Agencja Rozwoju Przemys\u0142u S.A., SPV Operator sp. z o.o., Centrum Bankowo-Finansowe \u201eNowy \u015awiat\u201d S.A., dawne Ministerstwo Sportu i Turystyki.[\/vc_column_text][\/vc_column][vc_column width=&#8221;1\/3&#8243;][ct_heading text=&#8221;Zam\u00f3wienia <cite>publiczne<\/cite>&#8221; font_weight=&#8221;&#8221; description_font_weight=&#8221;inherit&#8221;][vc_column_text]\u015awiadczymy kompleksowe doradztwo w zakresie prawa zam\u00f3wie\u0144 publicznych. Doradzamy wykonawcom i zamawiaj\u0105cym. Reprezentujemy klient\u00f3w w post\u0119powaniach przed Krajow\u0105 Izb\u0105 Odwo\u0142awcz\u0105. Doradzamy przy reorganizacji proces\u00f3w zakupowych w tym w ramach Centrum Us\u0142ug Wsp\u00f3lnych funkcjonuj\u0105cych w grupach kapita\u0142owych. Nasi prawnicy doradzali m.in.: Centrum Medycznemu Kszta\u0142cenia Podyplomowego, Muzeum Historii Polski w Warszawie, Narodowemu Centrum Sportu sp. z o.o., Polskiemu Funduszowi Rozwoju S.A., PFR Ventures sp. z o. o., Polskiej Agencji Inwestycji i Handlu S.A., Pomorskiej Kolei Metropolitalnej S.A., PL.2012 sp. z o.o., LOTAMS sp. z o.o., PKP S.A., PKP Energetyka S.A., Integrated Solutions Sp. z o.o., PGE Polska Grupa Energetyczna S.A., PGE Obr\u00f3t S.A., PGE Energia Odnawialna S.A., PGNiG Energia S.A., Polenergia Dystrybucja sp. z o.o.[\/vc_column_text][\/vc_column][vc_column width=&#8221;1\/3&#8243;][ct_heading text=&#8221;<cite>Koncesje<\/cite>, zezwolenia i licencje&#8221; font_weight=&#8221;&#8221; description_font_weight=&#8221;inherit&#8221;][vc_column_text]<!-- \/wp:paragraph --><!-- wp:paragraph -->Prawnicy naszej kancelarii s\u0105 wyspecjalizowanymi ekspertami maj\u0105cymi rozleg\u0142\u0105 wiedz\u0119 i bogate do\u015bwiadczenie praktyczne w najbardziej z\u0142o\u017conych post\u0119powaniach administracyjnych i tzw. hybrydowych (szczeg\u00f3lnie w zakresie dotycz\u0105cych koncesji, zezwole\u0144 oraz licencji). Posiadamy tak\u017ce unikatowe do\u015bwiadczenie praktyczne w reprezentowaniu naszych klient\u00f3w w post\u0119powaniach odnosz\u0105cych si\u0119 do nadzwyczajnych tryb\u00f3w weryfikacji decyzji administracyjnych oraz do post\u0119powa\u0144 kontrolnych prowadzonych przed s\u0105dami administracyjnymi.[\/vc_column_text][\/vc_column][vc_column][vc_separator][\/vc_column][\/vc_row][vc_row css_animation=&#8221;fadeIn&#8221;][vc_column width=&#8221;1\/3&#8243;][ct_heading text=&#8221;Nieruchomo\u015bci i proces <cite>inwestycyjno \u2013 budowlany<\/cite>&#8221; font_weight=&#8221;&#8221; description_font_weight=&#8221;inherit&#8221;][vc_column_text]\u015awiadczymy us\u0142ugi prawne w zakresie inwestowania w nieruchomo\u015bci oraz ich obrotem. Nasz\u0105 specjalizacj\u0105 w tym zakresie jest kompleksowa obs\u0142uga prawna procesu inwestycyjno \u2013 budowlanego. Doradzamy tak\u017ce w zakresie gospodarki nieruchomo\u015bciami stanowi\u0105cymi w\u0142asno\u015b\u0107 Skarbu Pa\u0144stwa oraz jednostek Samorz\u0105du Terytorialnego.[\/vc_column_text][\/vc_column][vc_column width=&#8221;1\/3&#8243;][ct_heading text=&#8221;Ochrona informacji i <cite>cyberbezpiecze\u0144stwo <\/cite>&#8221; font_weight=&#8221;&#8221; description_font_weight=&#8221;inherit&#8221;][vc_column_text]Przeprowadzamy audyty prawne w zakresie RODO oraz regulacji wewn\u0119trznych wymaganych w zakresie krajowego systemu cyberbezpiecze\u0144stwa. Reprezentujemy klient\u00f3w w post\u0119powaniach prowadzonych przez Prezesa Urz\u0119du Ochrony Danych Osobowych. Doradzamy operatorom us\u0142ug kluczowych oraz us\u0142ug cyfrowych. Wspieramy w realizacji procedur wymaganych przez CSIRT MON, NASK i GOV.[\/vc_column_text][\/vc_column][vc_column width=&#8221;1\/3&#8243;][ct_heading text=&#8221;Ochrona konkurencji i <cite>konsument\u00f3w <\/cite>&#8221; font_weight=&#8221;&#8221; description_font_weight=&#8221;inherit&#8221;][vc_column_text]\u015awiadczymy kompleksowe doradztwo prawne w zakresie ochrony konkurencji i zwalczania nieuczciwej konkurencji. Nasi prawnicy posiadaj\u0105 bogate do\u015bwiadczenie w prowadzeniu post\u0119powa\u0144 przed Prezesem Urz\u0119du Ochrony Konkurencji i Konsument\u00f3w oraz przed S\u0105dem Ochrony Konkurencji i Konsument\u00f3w. Reprezentowali m.in. takie podmioty jak: Provident Polska S.A., Naczelna Izba Lekarska, Krajowa Izba Bieg\u0142ych Rewident\u00f3w.[\/vc_column_text][\/vc_column][vc_column][vc_separator][\/vc_column][\/vc_row][vc_row css_animation=&#8221;fadeIn&#8221;][vc_column width=&#8221;1\/3&#8243;][ct_heading text=&#8221;Rynki <cite>finansowe<\/cite>&#8221; font_weight=&#8221;&#8221; description_font_weight=&#8221;inherit&#8221;][vc_column_text]<!-- \/wp:paragraph --><!-- wp:paragraph -->\u015awiadczymy doradztwo prawne przedsi\u0119biorcom dzia\u0142aj\u0105cym na rynkach finansowych. Prawnicy kancelarii doradzali w transakcjach na wielu segmentach szerokorozumianych rynk\u00f3w finansowych (takich jak rynek pieni\u0119\u017cny, kapita\u0142owy, walutowy, terminowy, depozytowo-kredytowy czy te\u017c po\u017cyczkowy). Z do\u015bwiadczenia prawnik\u00f3w naszej kancelarii korzysta\u0142y takie podmioty jak np.: Gie\u0142da Papier\u00f3w Warto\u015bciowych S.A., Krajowy Depozyt Papier\u00f3w Warto\u015bciowych S.A., PKO Bank Polski S.A., Polski Fundusz Rozwoju S.A., Provident Polska S.A.<\/p>\n<p><!-- \/wp:paragraph --><br \/>\n<!-- wp:paragraph -->[\/vc_column_text][\/vc_column][vc_column width=&#8221;1\/3&#8243;][ct_heading text=&#8221;Rynki <cite>regulowane<\/cite>&#8221; font_weight=&#8221;&#8221; description_font_weight=&#8221;inherit&#8221;][vc_column_text]Regulacje administracyjne stanowi\u0105 podstaw\u0119 zainteresowa\u0144 i zawodowego rozwoju prawnik\u00f3w naszej kancelarii. \u015awiadczymy kompleksowe doradztwo prawne w zakresie post\u0119powa\u0144 przed tzw. organami regulacyjnymi. W szczeg\u00f3lno\u015bci nasi prawnicy dysponuj\u0105 bogat\u0105 wiedz\u0105 i rozleg\u0142ym do\u015bwiadczeniem w zakresie post\u0119powa\u0144 prowadzonych przez Przewodnicz\u0105cego Urz\u0119du Ochrony Konkurencji i Konsument\u00f3w, Przewodnicz\u0105cego Krajowej Rady Radiofonii i Telewizji, Komisj\u0119 Nadzoru Finansowego, Prezesa Urz\u0119du Regulacji Energetyki, Prezesa Urz\u0119du Komunikacji Elektronicznej, Prezesa Urz\u0119du Transportu Kolejowego, Prezesa Urz\u0119du Lotnictwa Cywilnego, G\u0142\u00f3wnego Inspektora Sanitarnego, G\u0142\u00f3wnego Inspektora Farmaceutycznego, G\u0142\u00f3wnego Inspektora Ochrony \u015arodowiska.[\/vc_column_text][\/vc_column][vc_column width=&#8221;1\/3&#8243;][ct_heading text=&#8221;Spory <cite>s\u0105dowe<\/cite>&#8221; font_weight=&#8221;&#8221; description_font_weight=&#8221;inherit&#8221;][vc_column_text]Zesp\u00f3\u0142 prowadzenia spor\u00f3w s\u0105dowych zosta\u0142 zbudowany niemal w ca\u0142o\u015bci spo\u015br\u00f3d do\u015bwiadczonych prawnik\u00f3w realizuj\u0105cych swoj\u0105 praktyk\u0119 w tej klasycznej specjalizacji prawniczej w dzia\u0142aj\u0105cej wcze\u015bniej kancelarii El\u017canowski Cherka &amp; W\u0105sowski. Reprezentujemy klient\u00f3w w wielop\u0142aszczyznowych, skomplikowanych sporach s\u0105dowych o charakterze gospodarczym. Do\u015bwiadczenie procesowe prawnik\u00f3w kancelarii liczone jest ju\u017c w tysi\u0105cach spraw s\u0105dowych, gdzie reprezentowali klient\u00f3w zar\u00f3wno w klasycznych sprawach cywilnych, gospodarczych, w sprawach z zakresu prawa pracy, s\u0105dowo-administracyjnych, ale tak\u017ce arbitra\u017cowych i g\u0142o\u015bnych procesach karnych.[\/vc_column_text][\/vc_column][vc_column][vc_separator][\/vc_column][\/vc_row][vc_row css_animation=&#8221;fadeIn&#8221;][vc_column width=&#8221;1\/3&#8243;][ct_heading text=&#8221;Restrukturyzacje <cite>post\u0119powania<\/cite> naprawcze&#8221; font_weight=&#8221;&#8221; description_font_weight=&#8221;inherit&#8221;][vc_column_text]<\/p>\n<p>Szczeg\u00f3lnie dobrze czujemy si\u0119 w restrukturyzacji podmiot\u00f3w publicznych, w tym szpitali i zak\u0142ad\u00f3w opieki zdrowotnej, du\u017cych zak\u0142ad\u00f3w przemys\u0142owych, ze szczeg\u00f3lnym uwzgl\u0119dnieniem sektora wydobywczego i przedsi\u0119biorc\u00f3w o szczeg\u00f3lnym znaczeniu dla rynku pracy. Do\u015bwiadczenie w tym zakresie gromadzimy przez lata uczestnicz\u0105c w najtrudniejszych projektach nie stroni\u0105c przy tym od kwestii szerokorozumianych zagadnie\u0144 pomocy publicznej.<\/p>\n<!-- wp:paragraph \/--><br \/><!-- wp:paragraph -->\n<p>[\/vc_column_text][\/vc_column][vc_column width=&#8221;1\/3&#8243;][ct_heading text=&#8221;Prawo <cite>ko\u015bcielne<\/cite>&#8221; font_weight=&#8221;&#8221; description_font_weight=&#8221;inherit&#8221;][vc_column_text]<!-- \/wp:paragraph -->Kompleksowa pomoc prawna w zakresie spraw ma\u0142\u017ce\u0144skich, ze specjalnym uwzgl\u0119dnieniem proces\u00f3w o stwierdzenie niewa\u017cno\u015bci ma\u0142\u017ce\u0144stwa. Eksperci kancelaria w szczeg\u00f3lno\u015bci: reprezentuj\u0105 strony przed s\u0105dami ko\u015bcielnymi, pomagaj\u0105 w sporz\u0105dzaniu pism procesowych, udzielaj\u0105 konsultacji oraz sporz\u0105dzaj\u0105 pro\u015bby o stwierdzenie niewa\u017cno\u015bci ma\u0142\u017ce\u0144stwa, redaguj\u0105 odpowiedzi strony pozwanej na wniesion\u0105 przez stron\u0119 powodow\u0105 pro\u015bb\u0119 o stwierdzenie niewa\u017cno\u015bci ma\u0142\u017ce\u0144stwa, redaguj\u0105 pisma procesowe zwi\u0105zane z ustaleniem lub zmian\u0105 formu\u0142y w\u0105tpliwo\u015bci, dokonuj\u0105 pe\u0142nej analizy akt sprawy oraz redaguj\u0105 uwagi po publikacji akt sprawy, redaguj\u0105 odpowiedzi na uwagi Obro\u0144cy W\u0119z\u0142a Ma\u0142\u017ce\u0144skiego, sporz\u0105dzaj\u0105 apelacje do trybuna\u0142\u00f3w wy\u017cszej instancji, w tym do Trybuna\u0142u Roty Rzymskiej. Poza ko\u015bcielnym prawem ma\u0142\u017ce\u0144skim, eksperci kancelarii udzielaj\u0105 porad w zakresie prawa spadkowego oraz \u015bwiadcz\u0105 pomoc i obs\u0142ug\u0119 prawn\u0105 ko\u015bcielnych os\u00f3b prawnych, w tym ko\u015bcielnych fundacji i stowarzysze\u0144.[\/vc_column_text][\/vc_column][vc_column width=&#8221;1\/3&#8243;][ct_heading text=&#8221;Windykacja&#8221; font_weight=&#8221;&#8221; description_font_weight=&#8221;inherit&#8221;][vc_column_text]<\/p>\n<p><!-- \/wp:paragraph --><br \/>\u015awiadczymy us\u0142ugi na rzecz przedsi\u0119biorc\u00f3w zwi\u0105zane z odzyskiwaniem i windykacj\u0105 nale\u017cno\u015bci wynikaj\u0105cych z niesp\u0142aconych faktur, niedotrzymanych um\u00f3w, zaleg\u0142o\u015bci czynszowych, niesp\u0142aconych rat leasingowych, niesp\u0142aconych polis ubezpieczeniowych, zaleg\u0142ych po\u017cyczek lub kredyt\u00f3w, kar umownych itp. Na poszczeg\u00f3lnych etapach procesu windykacyjnego wsp\u00f3\u0142dzia\u0142amy z gronem najlepszych ekspert\u00f3w skupionych w grupie S.O.S. Finance Sp. z o.o.<\/p>\n<p>[\/vc_column_text][\/vc_column][vc_column][vc_separator][\/vc_column][\/vc_row][vc_row css_animation=&#8221;fadeIn&#8221;][vc_column width=&#8221;1\/3&#8243;][ct_heading text=&#8221;Podatki&#8221; font_weight=&#8221;&#8221; description_font_weight=&#8221;inherit&#8221;][vc_column_text]<!-- \/wp:paragraph --><br \/>\n<!-- wp:paragraph -->WLP Legal nie prowadzi we w\u0142asnym zakresie praktyki doradztwa podatkowego. Jednak w tym zakresie wsp\u00f3\u0142pracuje z najlepszymi z najlepszych \u2013 Kancelari\u0105 Podatkow\u0105 Sk\u0142odowscy. Eksperci z Grupy Kapita\u0142owej Sk\u0142odowscy s\u0105 w stanie szybko i optymalnie rozwi\u0105za\u0107 ka\u017cdy problem podatkowy i ksi\u0119gowy.[\/vc_column_text][\/vc_column][vc_column][vc_separator][\/vc_column][\/vc_row]<\/p>\n","protected":false},"excerpt":{"rendered":"<p>[vc_row css_animation=&#8221;fadeIn&#8221;][vc_column width=&#8221;1\/3&#8243;][ct_heading text=&#8221;Kontrakty i prawo cywilne&#8221; font_weight=&#8221;&#8221; description_font_weight=&#8221;inherit&#8221;][vc_column_text]Specjalizujemy si\u0119 w konstruowaniu i interpretowaniu najbardziej z\u0142o\u017conych, mi\u0119dzyga\u0142\u0119ziowych um\u00f3w dwu i wielostronnych. Prawnicy naszej kancelarii posiadaj\u0105 bogate do\u015bwiadczenie w negocjowaniu poszczeg\u00f3lnych klauzul kontraktowych jak i ich \u201eneutralizowaniu\u201d w konkretnych sytuacjach gospodarczych. Z naszych us\u0142ug w tym zakresie skorzysta\u0142o wiele podmiot\u00f3w w tym takie jak: KGHM Polska [&hellip;]<\/p>\n","protected":false},"author":1,"featured_media":0,"parent":0,"menu_order":0,"comment_status":"closed","ping_status":"closed","template":"","meta":{"footnotes":""},"class_list":["post-19","page","type-page","status-publish","hentry"],"_links":{"self":[{"href":"https:\/\/wlplegal.pl\/index.php\/wp-json\/wp\/v2\/pages\/19","targetHints":{"allow":["GET"]}}],"collection":[{"href":"https:\/\/wlplegal.pl\/index.php\/wp-json\/wp\/v2\/pages"}],"about":[{"href":"https:\/\/wlplegal.pl\/index.php\/wp-json\/wp\/v2\/types\/page"}],"author":[{"embeddable":true,"href":"https:\/\/wlplegal.pl\/index.php\/wp-json\/wp\/v2\/users\/1"}],"replies":[{"embeddable":true,"href":"https:\/\/wlplegal.pl\/index.php\/wp-json\/wp\/v2\/comments?post=19"}],"version-history":[{"count":29,"href":"https:\/\/wlplegal.pl\/index.php\/wp-json\/wp\/v2\/pages\/19\/revisions"}],"predecessor-version":[{"id":2629,"href":"https:\/\/wlplegal.pl\/index.php\/wp-json\/wp\/v2\/pages\/19\/revisions\/2629"}],"wp:attachment":[{"href":"https:\/\/wlplegal.pl\/index.php\/wp-json\/wp\/v2\/media?parent=19"}],"curies":[{"name":"wp","href":"https:\/\/api.w.org\/{rel}","templated":true}]}}