{"id":1967,"date":"2021-01-24T19:22:00","date_gmt":"2021-01-24T18:22:00","guid":{"rendered":"http:\/\/wlplegal.pl\/?page_id=1967"},"modified":"2021-06-22T12:15:46","modified_gmt":"2021-06-22T10:15:46","slug":"news","status":"publish","type":"page","link":"https:\/\/wlplegal.pl\/index.php\/en\/news\/","title":{"rendered":"News"},"content":{"rendered":"<p>[vc_row content_placement=&#8221;top&#8221; css_animation=&#8221;fadeIn&#8221;][vc_column width=&#8221;1\/4&#8243;][ct_heading text=&#8221;Prawo jest jak muzyka&#8221; font_weight=&#8221;&#8221; subtitle=&#8221;12\/05\/2021&#8243; description_font_weight=&#8221;inherit&#8221;][\/vc_column][vc_column width=&#8221;3\/4&#8243;][vc_column_text css_animation=&#8221;none&#8221;]<\/p>\n<p>In the last issue of Manager Report (special edition, April 2021) you have an opportunity to read an interview with the partner of our Law Firm &#8211; Krzysztof W\u0105sowski, PhD.<\/p>\n<p>We encourage you to read!<\/p>\n<p><a href=\"http:\/\/wlplegal.pl\/wp-content\/uploads\/2021\/05\/manager_report_04_2021.pdf\">Manager Report 04\/2021 &#8211; interview with Krzysztof W\u0105sowski, PhD.<\/a><\/p>\n<p>[\/vc_column_text][\/vc_column][vc_column][vc_separator][\/vc_column][\/vc_row][vc_row content_placement=&#8221;top&#8221; css_animation=&#8221;fadeIn&#8221;][vc_column width=&#8221;1\/4&#8243;][ct_heading text=&#8221;Jak unikn\u0105\u0107 ryzyka nadu\u017cy\u0107 i wizyty o 6 rano!&#8221; font_weight=&#8221;&#8221; subtitle=&#8221;04\/05\/2021&#8243; description_font_weight=&#8221;inherit&#8221;][\/vc_column][vc_column width=&#8221;3\/4&#8243;][vc_column_text css_animation=&#8221;none&#8221;]The new book by Wojciech Dudzi\u0144ski (a reputable forensic accountant) entitled: \u201eJak unikn\u0105\u0107 ryzyka nadu\u017cy\u0107 i wizyty o 6 rano! Niezb\u0119dnik menad\u017cera i urz\u0119dnika\u201d is already available in pre-order. Krzysztof W\u0105sowski, PhD and partner of WLP Legal was invited as the co-author and acted as an expert. We hope that you will enjoy reading![\/vc_column_text][\/vc_column][vc_column][vc_separator][\/vc_column][\/vc_row][vc_row content_placement=&#8221;top&#8221; css_animation=&#8221;fadeIn&#8221;][vc_column width=&#8221;1\/4&#8243;][ct_heading text=&#8221;\u201eMedia w erze cyfrowej. Wyzwania i zagro\u017cenia\u201d&#8221; font_weight=&#8221;&#8221; subtitle=&#8221;29\/04\/2021&#8243; description_font_weight=&#8221;inherit&#8221;][\/vc_column][vc_column width=&#8221;3\/4&#8243;][vc_column_text css_animation=&#8221;none&#8221;]Krzysztof W\u0105sowski, PhD who is the general partner at WLP Legal\u00a0 became a co-editor of the monograph entitled \u201eMedia w erze cyfrowej. Wyzwania i zagro\u017cenia\u201d, publ. Wolters Kluwer Polska, 2021. The development of new technologies leads to the emergence of new phenomena in the media, and the technological and legal environment is subject to constant and dynamic changes. The publication presents the most important legal issues related to the press, radio, television and the Internet, as well as threats and challenges related to their functioning in the information society.[\/vc_column_text][\/vc_column][vc_column][vc_separator][\/vc_column][\/vc_row][vc_row content_placement=&#8221;top&#8221; css_animation=&#8221;fadeIn&#8221;][vc_column width=&#8221;1\/4&#8243;][ct_heading text=&#8221;Rynek Prawniczy&#8221; font_weight=&#8221;&#8221; subtitle=&#8221;05\/02\/2021&#8243; description_font_weight=&#8221;inherit&#8221;][\/vc_column][vc_column width=&#8221;3\/4&#8243;][vc_column_text css_animation=&#8221;none&#8221;]WLP Legal Law Firm was also spotted by the author of the report on the most important creations of the new law firms in the past 2020. The subtitle \u2018<em>Du\u017ce secesje, mniejsze kancelarie\u2019<\/em> accurately explains the reason why we appeared on the legal market&#8230;<\/p>\n<p><!-- \/wp:post-content --><!-- wp:paragraph --><a href=\"http:\/\/rynekprawniczy.pl\/2021\/02\/05\/raport-dwadziescia-piec-kancelarii-i-firm-doradczych-powstalo-w-2020-roku\/\">www.rynekprawniczy.pl &#8211; Raport: Dwadzie\u015bcia pi\u0119\u0107 kancelarii i firm doradczych powsta\u0142o w 2020 roku<\/a>[\/vc_column_text][\/vc_column][vc_column][vc_separator][\/vc_column][\/vc_row][vc_row content_placement=&#8221;top&#8221; css_animation=&#8221;fadeIn&#8221;][vc_column width=&#8221;1\/4&#8243;][ct_heading text=&#8221;Bumech S.A.&#8221; font_weight=&#8221;&#8221; subtitle=&#8221;11\/01\/2021&#8243; description_font_weight=&#8221;inherit&#8221;][\/vc_column][vc_column width=&#8221;3\/4&#8243;][vc_column_text css_animation=&#8221;none&#8221;]One of the fastest issued concentration decisions (consent to concentration) by the President of the Office of Competition and Consumer Protection [PL: <em>Urz\u0105d Ochrony Konkurencji i Konsument\u00f3w<\/em>]. WLP Legal&#8217;s lawyers turned out to be effective specialists in the difficult domain of the so-called regulatory hybrid proceedings. During this project the team of lawyers was managed by attorney Paulina Kapler \u2013 associate partner of the Law Firm.<\/p>\n<p><!-- \/wp:paragraph --><!-- wp:paragraph --><a href=\"https:\/\/www.uokik.gov.pl\/koncentracje.php?news_id=17152\">www.uokik.gov.pl &#8211; Bumech S.A.<\/a>[\/vc_column_text][\/vc_column][vc_column][vc_separator][\/vc_column][\/vc_row][vc_row content_placement=&#8221;top&#8221; css_animation=&#8221;fadeIn&#8221;][vc_column width=&#8221;1\/4&#8243;][ct_heading text=&#8221;PG Silesia&#8221; font_weight=&#8221;&#8221; subtitle=&#8221;1\/12\/2020&#8243; description_font_weight=&#8221;inherit&#8221;][\/vc_column][vc_column width=&#8221;3\/4&#8243;][vc_column_text css_animation=&#8221;none&#8221;]At the very beginning of the Law Firm\u2019s establishment, the lawyers at WLP Legal participated in the purchase transaction of PG Silesia in Czechowice-Dziedzice by a company operating under the business name of Bumech S.A. Our team of lawyers was managed by attorney-at-law Paulina Kapler.<\/p>\n<p><!-- \/wp:paragraph --><!-- wp:paragraph --><a href=\"https:\/\/www.wnp.pl\/gornictwo\/bumech-mocno-w-gore-silesia-to-dobra-kopalnia,438705.html\">www.wnp.pl &#8211; PG Silesia<\/a>[\/vc_column_text][\/vc_column][\/vc_row][vc_row][vc_column][vc_separator][\/vc_column][\/vc_row]<\/p>\n","protected":false},"excerpt":{"rendered":"<p>[vc_row content_placement=&#8221;top&#8221; css_animation=&#8221;fadeIn&#8221;][vc_column width=&#8221;1\/4&#8243;][ct_heading text=&#8221;Prawo jest jak muzyka&#8221; font_weight=&#8221;&#8221; subtitle=&#8221;12\/05\/2021&#8243; description_font_weight=&#8221;inherit&#8221;][\/vc_column][vc_column width=&#8221;3\/4&#8243;][vc_column_text css_animation=&#8221;none&#8221;] In the last issue of Manager Report (special edition, April 2021) you have an opportunity to read an interview with the partner of our Law Firm &#8211; Krzysztof W\u0105sowski, PhD. We encourage you to read! Manager Report 04\/2021 &#8211; interview with Krzysztof [&hellip;]<\/p>\n","protected":false},"author":1,"featured_media":0,"parent":0,"menu_order":0,"comment_status":"closed","ping_status":"closed","template":"","meta":{"footnotes":""},"class_list":["post-1967","page","type-page","status-publish","hentry"],"_links":{"self":[{"href":"https:\/\/wlplegal.pl\/index.php\/wp-json\/wp\/v2\/pages\/1967","targetHints":{"allow":["GET"]}}],"collection":[{"href":"https:\/\/wlplegal.pl\/index.php\/wp-json\/wp\/v2\/pages"}],"about":[{"href":"https:\/\/wlplegal.pl\/index.php\/wp-json\/wp\/v2\/types\/page"}],"author":[{"embeddable":true,"href":"https:\/\/wlplegal.pl\/index.php\/wp-json\/wp\/v2\/users\/1"}],"replies":[{"embeddable":true,"href":"https:\/\/wlplegal.pl\/index.php\/wp-json\/wp\/v2\/comments?post=1967"}],"version-history":[{"count":10,"href":"https:\/\/wlplegal.pl\/index.php\/wp-json\/wp\/v2\/pages\/1967\/revisions"}],"predecessor-version":[{"id":2545,"href":"https:\/\/wlplegal.pl\/index.php\/wp-json\/wp\/v2\/pages\/1967\/revisions\/2545"}],"wp:attachment":[{"href":"https:\/\/wlplegal.pl\/index.php\/wp-json\/wp\/v2\/media?parent=1967"}],"curies":[{"name":"wp","href":"https:\/\/api.w.org\/{rel}","templated":true}]}}