{"id":1972,"date":"2021-01-24T19:35:10","date_gmt":"2021-01-24T18:35:10","guid":{"rendered":"http:\/\/wlplegal.pl\/?page_id=1972"},"modified":"2024-05-20T22:10:46","modified_gmt":"2024-05-20T20:10:46","slug":"team","status":"publish","type":"page","link":"https:\/\/wlplegal.pl\/index.php\/en\/team\/","title":{"rendered":"Team"},"content":{"rendered":"<p>[vc_row css_animation=&#8221;fadeIn&#8221;][vc_column width=&#8221;1\/3&#8243; css=&#8221;.vc_custom_1612045010915{margin-bottom: 0px !important;padding-right: 50px !important;padding-left: 50px !important;}&#8221;][vc_single_image image=&#8221;2338&#8243; img_size=&#8221;full&#8221; ct_image_align_md=&#8221;image_align_sm_center&#8221; ct_image_align=&#8221;image_align_xs_center&#8221; css=&#8221;.vc_custom_1612272605757{margin-right: 20px !important;margin-left: 20px !important;padding-right: 15px !important;padding-left: 15px !important;}&#8221;][\/vc_column][vc_column width=&#8221;2\/3&#8243;][ct_heading text=&#8221;Krzysztof Andrzej W\u0105sowski&#8221; font_weight=&#8221;&#8221; subtitle=&#8221;General Partner, Advocate&#8221; description_font_weight=&#8221;inherit&#8221;][ct_contact_info content_type=&#8221;email&#8221; icon_fontawesome=&#8221;fas fa-envelope&#8221; content_info=&#8221;krzysztof.wasowski@wlplegal.pl&#8221;][vc_column_text]<!-- \/wp:post-content --><\/p>\n<p id=\"lorenc\">The oldest in the team. PhD in Law. Assistant professor at the Department of Cybersecurity Law and New Technologies at the Institute of Law of the Academy of Martial Arts in Warsaw [PL: Katedra Prawa Cyberbezpiecze\u0144stwa i Nowych Technologii w Instytucie Prawa Akademii Sztuki Wojennej w Warszawie]. At the same time, an academic researcher at the Security Research Center [PL: Centrum Bada\u0144 nad Bezpiecze\u0144stwem] at the same Academy. A graduate of the Faculty of Law and Administration at the University of Warsaw [PL: Wydzia\u0142a Prawa i Administracji Uniwersytetu Warszawskiego] and Top Public Executive at IESE Business School in Barcelona. He holds a title of the &#8220;Trainer of the Year&#8221; of the Wolters Kluwer Polska training department. Member of the Council of the National School of Public Administration [PL: Rada Krajowej Szko\u0142y Administracji Publicznej]. For many years he has specialized in conducting negotiations and proceedings between business and public administration. Former scientific consultant at the Constitutional Tribunal [PL: Trybuna\u0142 Konstytucyjny]. Former Member of the Arbitration Court at the Polish Financial Supervision Authority [PL: S\u0105d Arbitra\u017cowy przy Komisji Nadzoru Finansowego]. Member of many scientific societies, including: Polish Legislative Society [PL: Polskie Towarzystwo Legislacyjne], Polish Association of Law and Economics [PL: Polskie Stowarzyszenie Ekonomicznej Analizy Prawa], Association for Public Administration Education [PL: Stowarzyszenie Edukacji Administracji Publicznej], and Polish Familiology Society [PL: Polskie Towarzystwo Familiologiczne].<\/p>\n<p>[\/vc_column_text][\/vc_column][vc_column][vc_separator][\/vc_column][\/vc_row][vc_row css_animation=&#8221;fadeIn&#8221;][vc_column width=&#8221;1\/3&#8243;][vc_single_image image=&#8221;2369&#8243; img_size=&#8221;full&#8221; alignment=&#8221;center&#8221; ct_image_align_md=&#8221;image_align_sm_center&#8221; ct_image_align=&#8221;image_align_xs_center&#8221; css=&#8221;.vc_custom_1612272618453{margin-right: 50px !important;margin-left: 50px !important;padding-right: 20px !important;padding-left: 20px !important;}&#8221;][\/vc_column][vc_column width=&#8221;2\/3&#8243;][ct_heading text=&#8221;Karolina Lorenc-Pawlak&#8221; font_weight=&#8221;&#8221; subtitle=&#8221;General Partner, Advocate&#8221; description_font_weight=&#8221;inherit&#8221;][ct_contact_info content_type=&#8221;email&#8221; icon_fontawesome=&#8221;fas fa-envelope&#8221; content_info=&#8221;karolina.pawlak@wlplegal.pl&#8221;][vc_column_text]<!-- \/wp:paragraph --><\/p>\n<p id=\"podgorska\">Advocate with considerable experience. A proud graduate of the Faculty of Law and Administration at the R. Lazarski University of Commerce and Law [PL: Wy\u017csza Szko\u0142a Handlu i Prawa im. R. \u0141azarskiego] and Postgraduate Studies in Law and Economics of Capital Markets at the SGH Warsaw School of Economics [PL: Szko\u0142a G\u0142\u00f3wa Handlowa w Warszawie]. Extremely committed to the accurate implementation of each task (the more difficult \u2013 the better). A respected practitioner in the field of Polish and EU competition law and financial markets law. She has extensive experience in conducting proceedings and processes in the field of broadly understood economic law. Her opinions and analyzes awe-inspire and draw attention.<\/p>\n<p>[\/vc_column_text][\/vc_column][vc_column][vc_separator][\/vc_column][\/vc_row][vc_row css_animation=&#8221;fadeIn&#8221;][vc_column width=&#8221;1\/3&#8243;][vc_single_image image=&#8221;2282&#8243; img_size=&#8221;full&#8221; alignment=&#8221;center&#8221; ct_image_align_md=&#8221;image_align_sm_center&#8221; ct_image_align=&#8221;image_align_xs_center&#8221; css=&#8221;.vc_custom_1612272626670{margin-right: 50px !important;margin-left: 50px !important;padding-right: 20px !important;padding-left: 20px !important;}&#8221;][\/vc_column][vc_column width=&#8221;2\/3&#8243;][ct_heading text=&#8221;Monika Podg\u00f3rska&#8221; font_weight=&#8221;&#8221; subtitle=&#8221;Partner, Proxy&#8221; description_font_weight=&#8221;inherit&#8221;][ct_contact_info content_type=&#8221;email&#8221; icon_fontawesome=&#8221;fas fa-envelope&#8221; content_info=&#8221;monika.podgorska@wlplegal.pl&#8221;][vc_column_text]<!-- \/wp:paragraph --><\/p>\n<p id=\"kapler\"><!-- wp:paragraph -->Managing Partner with over 15 years of experience in her profession. She co-founded the organization and managed organizational matters of such law firms as the well-known ECh&amp;W. At this point of her career, she co-creates and manages the organizational matters of WLP Legal. A natural-born manager of the finest law firms. Loyal, conscientious, reliable. Both accounting and IT companies that provide services to law firms enjoy to work with her. She knows (almost) everything about the legal business.<\/p>\n<p>[\/vc_column_text][\/vc_column][vc_column][vc_separator][\/vc_column][\/vc_row][vc_row css_animation=&#8221;fadeIn&#8221;][vc_column width=&#8221;1\/3&#8243;][vc_single_image image=&#8221;2284&#8243; img_size=&#8221;full&#8221; alignment=&#8221;center&#8221; ct_image_align_md=&#8221;image_align_sm_center&#8221; ct_image_align=&#8221;image_align_xs_center&#8221; css=&#8221;.vc_custom_1612272634375{margin-right: 50px !important;margin-left: 50px !important;padding-right: 20px !important;padding-left: 20px !important;}&#8221;][\/vc_column][vc_column width=&#8221;2\/3&#8243;][ct_heading text=&#8221;Paulina Kapler&#8221; font_weight=&#8221;&#8221; subtitle=&#8221;Associate partner, Attorney-at-law&#8221; description_font_weight=&#8221;inherit&#8221;][ct_contact_info content_type=&#8221;email&#8221; icon_fontawesome=&#8221;fas fa-envelope&#8221; content_info=&#8221;paulina.kapler@wlplegal.pl&#8221;][vc_column_text]<!-- \/wp:paragraph --><\/p>\n<p id=\"ficek\">Attorney-at-law. A graduate of the Faculty of Law and Administration and Postgraduate Studies in European Law at the University of Warsaw [PL: Wydzia\u0142 Prawa i Administracji oraz Podyplomowe Studium Prawa Europejskiego Uniwersytetu Warszawskiego]. A prominent expert in the field of public procurement law. She has extensive and unique experience in advising entrepreneurs, government agencies and budgetary entities in the field of finalizing tenders and effective implementation of contracts concluded as a result. Extremely reliable and accurate. She also advises strategically on the integration of business entities. She provides opinions in the scope of legal admissibility of the implementation of business models and assumptions for the functioning of business models. Shared Services Centers [PL: Centra Us\u0142ug Wsp\u00f3lnych] operating in capital groups hold no secret to her. She actively participated in the drafting of the Act on Major Sporting Events.<\/p>\n<p>[\/vc_column_text][\/vc_column][\/vc_row][vc_row css_animation=&#8221;fadeIn&#8221;][vc_column][vc_separator][\/vc_column][\/vc_row][vc_row css_animation=&#8221;fadeIn&#8221;][vc_column][vc_separator][\/vc_column][\/vc_row][vc_row content_placement=&#8221;middle&#8221; css_animation=&#8221;fadeIn&#8221;][vc_column css_animation=&#8221;fadeIn&#8221;][ct_heading text=&#8221;Of <cite>Counsel<\/cite>&#8221; tag=&#8221;h1&#8243; align_lg=&#8221;align-center&#8221; font_weight=&#8221;&#8221; description_font_weight=&#8221;inherit&#8221;][\/vc_column][\/vc_row][vc_row css_animation=&#8221;fadeIn&#8221;][vc_column][vc_separator][\/vc_column][\/vc_row][vc_row css_animation=&#8221;fadeIn&#8221;][vc_column][ct_heading text=&#8221;Agata Kosieradzka-Federczyk&#8221; font_weight=&#8221;&#8221; subtitle=&#8221;Expert&#8221; description_font_weight=&#8221;inherit&#8221;][ct_contact_info content_type=&#8221;email&#8221; icon_fontawesome=&#8221;fas fa-envelope&#8221; content_info=&#8221;agata.federczyk@wlplegal.pl&#8221;][vc_column_text css_animation=&#8221;none&#8221;]<!-- \/wp:paragraph -->PhD at law. Attorney-at-law. A graduate of the Faculty of Law and Administration at the Cardinal Stefan Wyszy\u0144ski University in Warsaw [PL: Uniwersytet Kardyna\u0142a Stefana Wyszy\u0144skiego]. A member of the Warsaw Seminar on Administrative Axiology [PL: Warszawskie Seminarium Aksjologii Administracji]. She acted as an expert in the office of the Constitutional Tribunal [PL: Trybuna\u0142 Konstytucyjny]. As an assistant professor at the UKSW Institute of Law Studies [PL: Instytut Nauk Prawnych UKSW] she deals with issues connected with public law with special emphasis on environmental law. Her extensive research interests focus on international environmental law and environmental impact assessments. The author of numerous monographs, commentaries, research papers and guides concerning law and administrative procedure, including environmental law. A person endowed with an insightful look at the issues concerning the natural environment in legal norms.[\/vc_column_text][vc_separator][\/vc_column][\/vc_row][vc_row css_animation=&#8221;fadeIn&#8221;][vc_column][ct_heading text=&#8221;ks. Krzysztof Kie\u0142pi\u0144ski&#8221; font_weight=&#8221;&#8221; subtitle=&#8221;Expert&#8221; description_font_weight=&#8221;inherit&#8221;][ct_contact_info content_type=&#8221;email&#8221; icon_fontawesome=&#8221;fas fa-envelope&#8221; content_info=&#8221;krzysztof.kielpinski@wlplegal.pl&#8221;][vc_row_inner][vc_column_inner][vc_column_text]Roman Catholic priest with a law degree. A graduate of the Faculty of Theology at the Nicolaus Copernicus University in Toru\u0144 [PL: Uniwersytet Miko\u0142aja Kopernika] and the Faculty of Canon Law at the Cardinal Stefan Wyszy\u0144ski University in Warsaw [PL: Uniwersytet Kardyna\u0142a Stefana Wyszy\u0144skiego]. He specializes in canonical marriage law, canonical criminal law and sacramental law of the Catholic Church. His is passionate about canonization law (unfortunately, our offer does not include such services). The author of numerous scientific and expert publications not only on canon law but also on different matters. Extremely patient and empathetic person who is able to listen actively and be at the same time unusually considerate. What is more, he is able to find a solution to issues that seem impossible to solve.[\/vc_column_text][vc_separator][\/vc_column_inner][\/vc_row_inner][\/vc_column][\/vc_row][vc_row css_animation=&#8221;fadeIn&#8221;][vc_column][ct_heading text=&#8221;Emilia Lucyna Chojnowska-Tudruj&#8221; font_weight=&#8221;&#8221; subtitle=&#8221;Expert&#8221; description_font_weight=&#8221;inherit&#8221;][ct_contact_info content_type=&#8221;email&#8221; icon_fontawesome=&#8221;fas fa-envelope&#8221; content_info=&#8221;emilia.tudruj@wlplegal.pl&#8221;][vc_column_text]<!-- \/wp:paragraph -->The Church attorney approved at the Warsaw Metropolitan Court [PL: S\u0105d Metropolitalny Warszawski]. She acts as the party&#8217;s representative and attorney in annulment procedure of sacramental marriages. At the same time, she is a member of the Warsaw Bar Association Council [PL: Okr\u0119gowa Rada Adwokacka w Warszawie]. One of the most prominent practitioners in the field of canonical proceedings. She devotes all of her heart and mind to the pending proceedings. Persistent and at the same time extremely considerate person who pays attention to every detail of each case while not losing sight of the whole picture.[\/vc_column_text][vc_separator][\/vc_column][\/vc_row][vc_row css_animation=&#8221;fadeIn&#8221;][vc_column][ct_heading text=&#8221;Bart\u0142omiej Janyga&#8221; font_weight=&#8221;&#8221; subtitle=&#8221;Expert&#8221; description_font_weight=&#8221;inherit&#8221;][ct_contact_info content_type=&#8221;email&#8221; icon_fontawesome=&#8221;fas fa-envelope&#8221; content_info=&#8221;janyga@janyga.pl&#8221;][vc_column_text]<!-- \/wp:paragraph -->A graduate of the Faculty of Law and Administration of the Adam Mickiewicz University in Pozna\u0144 [PL: <em>Uniwersytet Adama Mickiewicza w Poznaniu<\/em>] and postgraduate studies in comparative law at the Rhenish Friedrich Wilhelm University of Bonn. Attorney-at-law with wide experience in both international law firms and international insurance giants. Currently, he manages his own law firm specializing in mass litigation for insurance companies. Outstanding expert in the field of insurance law and medical law. He is the author of model solutions on the Polish market in the field of legal protection insurance, group insurance contracts and sale systems of this product for entities from the financial industry as well as articles and commentaries in the field of legal protection insurance. He conducts lectures and training courses on medical and insurance law.[\/vc_column_text][vc_separator][\/vc_column][\/vc_row][vc_row css_animation=&#8221;fadeIn&#8221;][vc_column][ct_heading text=&#8221;Patrycja Antoniak \u2013 T\u0119skna&#8221; font_weight=&#8221;&#8221; subtitle=&#8221;Expert&#8221; description_font_weight=&#8221;inherit&#8221;][ct_contact_info content_type=&#8221;email&#8221; icon_fontawesome=&#8221;fas fa-envelope&#8221; content_info=&#8221;pja@patrycjaantoniak.com&#8221;][\/vc_column][vc_column][vc_column_text]<!-- \/wp:paragraph -->PhD at law. Attorney. A graduate of the Faculty of Law and Administration at the University of Warsaw [PL: Uniwersytet Warszawski]. Mediator and certified Coach (Business Coaching Diploma). Excellent specialist in the field of construction law (with particular emphasis on intellectual property issues in the investment and construction process). For many years, she has been successfully supporting investors, developers, engineering offices and architectural design studios in the preparation and implementation of construction investments.<br \/>\nThe rumour goes that she is irreplaceable. Extremely humble and hardworking person. She is well versed in the aspects of international issues in which she specializes. The author of a considerable number of publications.[\/vc_column_text][vc_separator][\/vc_column][\/vc_row][vc_row css_animation=&#8221;fadeIn&#8221;][vc_column][ct_heading text=&#8221;Dariusz Sk\u0142odowski&#8221; font_weight=&#8221;&#8221; subtitle=&#8221;Expert&#8221; description_font_weight=&#8221;inherit&#8221;][ct_contact_info content_type=&#8221;email&#8221; icon_fontawesome=&#8221;fas fa-envelope&#8221; content_info=&#8221;dariusz.sklodowski@sklodowscy.pl&#8221;][vc_column_text css_animation=&#8221;none&#8221;]<!-- \/wp:paragraph --><\/p>\n<p>A distinguished law graduate of the Cardinal Stefan Wyszy\u0144ski University in Warsaw [PL: Uniwersytet Kardyna\u0142a Stefana Wyszy\u0144skiego]. Tax advisor (registered under number: 01530). For almost thirty years associated with the financial industry. He acquired a certificate issued by the Minister of Finance [PL: Minister Finans\u00f3w] to provide bookkeeping services. An outstanding expert in the field of taxes as well as accounting. He deals with the broadly understood issues of accounting and tax law and has extensive knowledge in the field of natural persons\u2019 income tax, corporate income tax and VAT. He specializes in counselling related to the restructuring of enterprises. Extremely precise and accurate person who is able to find immediate solutions to the most complex issues &#8211; without provoking them.[\/vc_column_text][vc_separator][\/vc_column][\/vc_row][vc_row css_animation=&#8221;fadeIn&#8221;][vc_column][ct_heading text=&#8221;Piotr Ko\u015bcia\u0144czuk&#8221; font_weight=&#8221;&#8221; subtitle=&#8221;Expert&#8221; description_font_weight=&#8221;inherit&#8221;][ct_contact_info content_type=&#8221;email&#8221; icon_fontawesome=&#8221;fas fa-envelope&#8221; content_info=&#8221;piotr.koscianczuk@sklodowscy.pl&#8221;][vc_column_text]<!-- \/wp:paragraph --><\/p>\n<p>A distinguished law graduate of the Cardinal Stefan Wyszy\u0144ski University in Warsaw [PL: Uniwersytet Kardyna\u0142a Stefana Wyszy\u0144skiego] as well as the Warsaw University of Technology [PL: Politechnika Warszawska] where he currently lectures at the Faculty of Production Engineering. He completed MBA studies at the French Institute of Management in Warsaw [PL: Francuski Instytut Zarz\u0105dzania]. Tax advisor with wide experience and comprehensive abilities. He deals with the broadly understood issues of accounting and tax law. He specializes in issues related to goods and services tax and tax proceedings. As the Chief Accountant, he is responsible for implementing the accounting policy and principles of valuation at clients with particular emphasis on manufacturing companies. Extremely valued while approaching complex and difficult projects.[\/vc_column_text][vc_separator][\/vc_column][\/vc_row][vc_row css_animation=&#8221;fadeIn&#8221;][vc_column][ct_heading text=&#8221;Justyna Ku\u015b&#8221; font_weight=&#8221;&#8221; subtitle=&#8221;Expert&#8221; description_font_weight=&#8221;inherit&#8221;][ct_contact_info content_type=&#8221;email&#8221; icon_fontawesome=&#8221;fas fa-envelope&#8221; content_info=&#8221;justyna.kus@honestus.pl&#8221;][vc_column_text]<!-- \/wp:paragraph --><\/p>\n<p>Attorney-at-law. A distinguished graduate of the Faculty of Law and Administration at the Jagiellonian University in Krakow [PL: Uniwersytet Jagiello\u0144ski] as well as postgraduate studies in Public Procurement Law at the University of Warsaw [PL: Uniwersytet Warszawski] and the Study for Tax Advisors at the Modzelewski and Wsp\u00f3lnicy Institute for Tax Studies [PL: Instytut Studi\u00f3w Podatkowych Modzelewski i Wsp\u00f3lnicy]. Remarkably valued expert in the field of economic and tax law. Versatile and extremely accurate person. Her knowledge is essential in the course of large and complex business transactions with a public element in the background.[\/vc_column_text][vc_separator][\/vc_column][\/vc_row][vc_row css_animation=&#8221;fadeIn&#8221;][vc_column][ct_heading text=&#8221;Sonia Lubecka&#8221; font_weight=&#8221;&#8221; subtitle=&#8221;Expert&#8221; description_font_weight=&#8221;inherit&#8221;][ct_contact_info content_type=&#8221;email&#8221; icon_fontawesome=&#8221;fas fa-envelope&#8221; content_info=&#8221;kontakt@sosfinance.pl&#8221;][vc_column_text]&nbsp;<\/p>\n<p>A graduate of the Faculty of Law and Administration at the John Paul II Catholic University of Lublin [PL: <em>Katolicki Uniwersytet Lubelski Jana Paw\u0142a II<\/em>] majoring in law and economics as well as a graduate of SGH Warsaw School of Economics [PL: <em>Szko\u0142a G\u0142\u00f3wna Handlowa w Warszawie<\/em>] majoring in debt collection. She completed a bailiff training at the Chamber of Bailiffs in Warsaw [PL: <em>Izba Komornicza w Warszawie<\/em>] obtaining professional qualifications. She gained her professional experience in well acclaimed bailiff\u2019s offices in the country. A specialist in the field of debt collection and court execution, in particular in the field of execution of real estate and matters of high complexity. She has experience in developing and debt collection strategies. A trainer in the field of execution for the largest entities in the debt collection industry in Poland.[\/vc_column_text][vc_separator][\/vc_column][\/vc_row][vc_row][vc_column][vc_column_text]&nbsp;<\/p>\n<p><!-- \/wp:paragraph --><!-- \/wp:paragraph -->&nbsp;<\/p>\n<p><!-- \/wp:paragraph -->&nbsp;[\/vc_column_text][\/vc_column][\/vc_row]<\/p>\n","protected":false},"excerpt":{"rendered":"<p>[vc_row css_animation=&#8221;fadeIn&#8221;][vc_column width=&#8221;1\/3&#8243; css=&#8221;.vc_custom_1612045010915{margin-bottom: 0px !important;padding-right: 50px !important;padding-left: 50px !important;}&#8221;][vc_single_image image=&#8221;2338&#8243; img_size=&#8221;full&#8221; ct_image_align_md=&#8221;image_align_sm_center&#8221; ct_image_align=&#8221;image_align_xs_center&#8221; css=&#8221;.vc_custom_1612272605757{margin-right: 20px !important;margin-left: 20px !important;padding-right: 15px !important;padding-left: 15px !important;}&#8221;][\/vc_column][vc_column width=&#8221;2\/3&#8243;][ct_heading text=&#8221;Krzysztof Andrzej W\u0105sowski&#8221; font_weight=&#8221;&#8221; subtitle=&#8221;General Partner, Advocate&#8221; description_font_weight=&#8221;inherit&#8221;][ct_contact_info content_type=&#8221;email&#8221; icon_fontawesome=&#8221;fas fa-envelope&#8221; content_info=&#8221;krzysztof.wasowski@wlplegal.pl&#8221;][vc_column_text] The oldest in the team. PhD in Law. Assistant professor at the Department of Cybersecurity Law and New Technologies [&hellip;]<\/p>\n","protected":false},"author":1,"featured_media":0,"parent":0,"menu_order":0,"comment_status":"closed","ping_status":"closed","template":"","meta":{"footnotes":""},"class_list":["post-1972","page","type-page","status-publish","hentry"],"_links":{"self":[{"href":"https:\/\/wlplegal.pl\/index.php\/wp-json\/wp\/v2\/pages\/1972","targetHints":{"allow":["GET"]}}],"collection":[{"href":"https:\/\/wlplegal.pl\/index.php\/wp-json\/wp\/v2\/pages"}],"about":[{"href":"https:\/\/wlplegal.pl\/index.php\/wp-json\/wp\/v2\/types\/page"}],"author":[{"embeddable":true,"href":"https:\/\/wlplegal.pl\/index.php\/wp-json\/wp\/v2\/users\/1"}],"replies":[{"embeddable":true,"href":"https:\/\/wlplegal.pl\/index.php\/wp-json\/wp\/v2\/comments?post=1972"}],"version-history":[{"count":25,"href":"https:\/\/wlplegal.pl\/index.php\/wp-json\/wp\/v2\/pages\/1972\/revisions"}],"predecessor-version":[{"id":2626,"href":"https:\/\/wlplegal.pl\/index.php\/wp-json\/wp\/v2\/pages\/1972\/revisions\/2626"}],"wp:attachment":[{"href":"https:\/\/wlplegal.pl\/index.php\/wp-json\/wp\/v2\/media?parent=1972"}],"curies":[{"name":"wp","href":"https:\/\/api.w.org\/{rel}","templated":true}]}}