{"id":21,"date":"2021-01-22T14:31:21","date_gmt":"2021-01-22T13:31:21","guid":{"rendered":"http:\/\/wlplegal.pl\/?page_id=21"},"modified":"2025-12-09T11:31:18","modified_gmt":"2025-12-09T10:31:18","slug":"o-kancelarii","status":"publish","type":"page","link":"https:\/\/wlplegal.pl\/index.php\/o-kancelarii\/","title":{"rendered":"o Kancelarii"},"content":{"rendered":"<p>[vc_row][vc_column css=&#8221;.vc_custom_1611840726347{padding-bottom: 30px !important;}&#8221;][ct_heading text=&#8221;W\u0105sowski Lorenc \u2013 Pawlak <cite>Kancelaria<\/cite> Prawna Sp. k&#8221; tag=&#8221;h2&#8243; font_size_xs=&#8221;28&#8243; line_height_xs=&#8221;50&#8243; font_weight=&#8221;&#8221; show_gap=&#8221;show&#8221; description_font_weight=&#8221;inherit&#8221;][\/vc_column][\/vc_row][vc_row][vc_column css=&#8221;.vc_custom_1611945533354{padding-bottom: 50px !important;padding-left: 20px !important;}&#8221;][ct_heading text=&#8221;Wiedza&#8221; font_weight=&#8221;&#8221; description_font_weight=&#8221;inherit&#8221;][vc_column_text]A je\u015bli kto jest \u017c\u0105dny wielkiej wiedzy &#8211; ona zna przesz\u0142o\u015b\u0107 i o przysz\u0142o\u015bci wnioskuje, zna zawi\u0142o\u015bci s\u0142\u00f3w i rozwi\u0105zania zagadek, wiedza wyprzedza znaki<br \/>\ni cuda, nast\u0119pstwa chwil i czas\u00f3w.[\/vc_column_text][ct_heading text=&#8221;<cite>Ludzie<\/cite>&#8221; font_weight=&#8221;&#8221; description_font_weight=&#8221;inherit&#8221;][vc_column_text]M\u00f3wcie i czy\u0144cie tak, jak ludzie, kt\u00f3rzy b\u0119d\u0105 s\u0105dzeni na podstawie Prawa wolno\u015bci. B\u0119dzie to bowiem s\u0105d nieub\u0142agany dla tego, kt\u00f3ry nie czyni\u0142 mi\u0142osierdzia: mi\u0142osierdzie odnosi triumf nad s\u0105dem.[\/vc_column_text][ct_heading text=&#8221;Prawo&#8221; font_weight=&#8221;&#8221; description_font_weight=&#8221;inherit&#8221;][vc_column_text]Kto za\u015b pilnie rozwa\u017ca doskona\u0142e Prawo, Prawo wolno\u015bci i wytrwa w nim, ten nie jest s\u0142uchaczem sk\u0142onnym do zapominania, ale wykonawc\u0105 dzie\u0142a; wype\u0142niaj\u0105c je, otrzyma b\u0142ogos\u0142awie\u0144stwo[\/vc_column_text][\/vc_column][\/vc_row][vc_row][vc_column css=&#8221;.vc_custom_1611844769340{padding-bottom: 30px !important;}&#8221;][vc_separator][\/vc_column][\/vc_row][vc_row][vc_column][ct_gallery_carousel images=&#8221;2357,2356,2355,2354,2353,2352,2350,2348&#8243; img_size=&#8221;200&#215;300&#8243; col_xs=&#8221;3&#8243; col_sm=&#8221;2&#8243; col_md=&#8221;3&#8243; col_lg=&#8221;6&#8243; col_xl=&#8221;6&#8243; margin=&#8221;10&#8243; loop=&#8221;true&#8221; autoplay=&#8221;true&#8221;][\/vc_column][\/vc_row]<\/p>\n","protected":false},"excerpt":{"rendered":"<p>[vc_row][vc_column css=&#8221;.vc_custom_1611840726347{padding-bottom: 30px !important;}&#8221;][ct_heading text=&#8221;W\u0105sowski Lorenc \u2013 Pawlak Kancelaria Prawna Sp. k&#8221; tag=&#8221;h2&#8243; font_size_xs=&#8221;28&#8243; line_height_xs=&#8221;50&#8243; font_weight=&#8221;&#8221; show_gap=&#8221;show&#8221; description_font_weight=&#8221;inherit&#8221;][\/vc_column][\/vc_row][vc_row][vc_column css=&#8221;.vc_custom_1611945533354{padding-bottom: 50px !important;padding-left: 20px !important;}&#8221;][ct_heading text=&#8221;Wiedza&#8221; font_weight=&#8221;&#8221; description_font_weight=&#8221;inherit&#8221;][vc_column_text]A je\u015bli kto jest \u017c\u0105dny wielkiej wiedzy &#8211; ona zna przesz\u0142o\u015b\u0107 i o przysz\u0142o\u015bci wnioskuje, zna zawi\u0142o\u015bci s\u0142\u00f3w i rozwi\u0105zania zagadek, wiedza wyprzedza znaki i cuda, nast\u0119pstwa chwil i czas\u00f3w.[\/vc_column_text][ct_heading [&hellip;]<\/p>\n","protected":false},"author":1,"featured_media":0,"parent":0,"menu_order":0,"comment_status":"closed","ping_status":"closed","template":"","meta":{"footnotes":""},"class_list":["post-21","page","type-page","status-publish","hentry"],"_links":{"self":[{"href":"https:\/\/wlplegal.pl\/index.php\/wp-json\/wp\/v2\/pages\/21","targetHints":{"allow":["GET"]}}],"collection":[{"href":"https:\/\/wlplegal.pl\/index.php\/wp-json\/wp\/v2\/pages"}],"about":[{"href":"https:\/\/wlplegal.pl\/index.php\/wp-json\/wp\/v2\/types\/page"}],"author":[{"embeddable":true,"href":"https:\/\/wlplegal.pl\/index.php\/wp-json\/wp\/v2\/users\/1"}],"replies":[{"embeddable":true,"href":"https:\/\/wlplegal.pl\/index.php\/wp-json\/wp\/v2\/comments?post=21"}],"version-history":[{"count":67,"href":"https:\/\/wlplegal.pl\/index.php\/wp-json\/wp\/v2\/pages\/21\/revisions"}],"predecessor-version":[{"id":2639,"href":"https:\/\/wlplegal.pl\/index.php\/wp-json\/wp\/v2\/pages\/21\/revisions\/2639"}],"wp:attachment":[{"href":"https:\/\/wlplegal.pl\/index.php\/wp-json\/wp\/v2\/media?parent=21"}],"curies":[{"name":"wp","href":"https:\/\/api.w.org\/{rel}","templated":true}]}}